{"id":3,"date":"2024-02-06T11:14:08","date_gmt":"2024-02-06T10:14:08","guid":{"rendered":"https:\/\/debesidigiacomo.it\/2024\/?page_id=3"},"modified":"2024-04-24T15:55:55","modified_gmt":"2024-04-24T13:55:55","slug":"privacy-policy","status":"publish","type":"page","link":"https:\/\/debesidigiacomo.it\/en\/privacy-policy\/","title":{"rendered":"Privacy Policy"},"content":{"rendered":"<p>Gentile Interessato,<\/p>\n<p>con il presente documento (l\u2019\u201c<strong>Informativa<\/strong>\u201d), intendiamo rinnovarti il nostro impegno per garantire che il trattamento dei dati personali raccolti attraverso il sito internet [https:\/\/professionemedico.debesidigiacomo.it\/] (il \u201c<strong>Sito<\/strong>\u201d), effettuato con modalit\u00e0 sia automatizzate che manuali, avvenga nel pieno rispetto delle tutele e dei diritti riconosciuti dal Regolamento (UE) 2016\/679 (\u201c<strong>GDPR<\/strong>\u201d o il \u201c<strong>Regolamento<\/strong>\u201d) e dalle ulteriori norme applicabili in tema di protezione dei dati personali.<\/p>\n<p>Con il termine dati personali si fa riferimento alla definizione contenuta nell\u2019art. 4 comma 1 del Regolamento, ossia \u201c<em>qualsiasi informazione riguardante una persona fisica identificata o identificabile; si considera identificabile la persona fisica che pu\u00f2 essere identificata, direttamente o indirettamente, con particolare riferimento a un identificativo come il nome, un numero di identificazione, dati relativi all\u2019ubicazione, un identificativo online o a uno o pi\u00f9 elementi caratteristici della sua identit\u00e0 fisica, fisiologica, genetica, psichica, economica, culturale o sociale<\/em>\u201d (i \u201c<strong>Dati Personali<\/strong>\u201d).<\/p>\n<p>La presente Informativa \u2013 redatta sulla base del principio di trasparenza e inclusiva di tutti gli elementi richiesti dall\u2019art. 13 del Regolamento \u2013 ha lo scopo di fornirti in maniera semplice ed intuitiva tutte le informazioni utili e necessarie affinch\u00e9 tu possa conferire i tuoi Dati Personali in modo consapevole ed informato e, in qualsiasi momento, esercitare i tuoi diritti previsti dal GDPR.<\/p>\n<h4>IL TITOLARE DEL TRATTAMENTO<\/h4>\n<p>La societ\u00e0 che tratter\u00e0 i tuoi Dati Personali per le finalit\u00e0 di cui alla presente Informativa e che, quindi, rivestir\u00e0 il ruolo di titolare del trattamento, ossia \u201c<em>la persona fisica o giuridica, l\u2019autorit\u00e0 pubblica, il servizio o altro organismo che, singolarmente o insieme ad altri, determina le finalit\u00e0 e i mezzi del trattamento dei dati personali<\/em>\u201d e\u0300\u00a0<strong>De Besi \u2013 Di Giacomo S.p.A.<\/strong>, con sede legale in Lungotevere Flaminio 14, 00196 \u2013 Roma (RO) (il \u201c<strong>Titolare<\/strong>\u201d).<\/p>\n<h4>DATA PROTECTION OFFICER<\/h4>\n<p><a name=\"_Toc518300714\"><\/a>Il Titolare, al fine di agevolare i rapporti con i soggetti interessati, ha provveduto a nominare un suo\u00a0<em>Data Protection Officer<\/em>\u00a0(il \u201c<strong>DPO<\/strong>\u201d), individuando SAPG Legal Tech S.r.l. con sede in Corso Europa, 7, 20122 \u2013 Milano (MI).<\/p>\n<p>Come previsto dall\u2019art. 38 del GDPR, potrai liberamente contattare il DPO per tutte le questioni relative al trattamento dei tuoi Dati Personali e\/o nel caso volessi esercitare i tuoi diritti come previsti dalla presente Informativa, inviando una comunicazione scritta all\u2019indirizzo di posta elettronica:\u00a0<a href=\"mailto:dpo.privacy@sapglegal.com\">dpo.privacy@sapglegal.com<\/a>.<\/p>\n<h4>FINALIT\u00c0 E BASE GIURIDICA DEL TRATTAMENTO<\/h4>\n<p>Durante la navigazione nel Sito, possono essere acquisiti alcuni tuoi Dati Personali nei seguenti modi:<\/p>\n<ul>\n<li><em>Dati di navigazione<\/em><\/li>\n<\/ul>\n<p>I sistemi informatici e le procedure\u00a0<em>software<\/em>\u00a0preposte al funzionamento del Sito acquisiscono, nel corso del loro normale esercizio, alcuni dati personali la cui trasmissione \u00e8 implicita nell\u2019uso dei protocolli di comunicazione di Internet.<\/p>\n<p>In questa categoria di dati rientrano, a titolo esemplificativo: gli indirizzi IP, il tipo di browser utilizzato, il sistema operativo, il nome di dominio e gli indirizzi di siti internet dai quali \u00e8 stato effettuato l\u2019accesso o l\u2019uscita, le informazioni sulle pagine visitate dagli utenti all\u2019interno del Sito, l\u2019orario d\u2019accesso, la permanenza sulla singola pagina, l\u2019analisi di percorso interno e altri parametri relativi al sistema operativo e all\u2019ambiente informatico dell\u2019utente.<\/p>\n<p>Tali dati di carattere tecnico\/informatico sono raccolti e utilizzati esclusivamente in maniera aggregata e non identificativa e potrebbero essere utilizzati per l\u2019accertamento di responsabilit\u00e0 in caso di ipotetici reati informatici ai danni del Sito.<\/p>\n<p>Il trattamento si baser\u00e0 giuridicamente sul legittimo interesse del Titolare al migliore funzionamento dei propri sistemi, alla ottimizzazione e al miglioramento dell\u2019esperienza di navigazione, ad evitare attivit\u00e0 fraudolente e a migliorare la sicurezza del Sito (art. 6, comma 1, lettera f) del Regolamento).<\/p>\n<p>Per maggiori informazioni sui Cookie e sul loro utilizzo all\u2019interno del Sito, \u00e8 possibile prendere visione dell\u2019apposita policy disponibile sul Sito.<\/p>\n<ul>\n<li><em>Dati forniti volontariamente dal visitatore<\/em><\/li>\n<\/ul>\n<p>Si tratta di tutti quei Dati Personali rilasciati liberamente dal visitatore sul Sito tramite un\u00a0<em>form<\/em>\u00a0(tra cui: nome, cognome, indirizzo e-mail ed, eventualmente, numero di telefono) al fine di ottenere informazioni sui prodotti e i servizi prestati dal Titolare, tra cui: informazioni attinenti polizze e\/o contratti assicurativi.<\/p>\n<p>Sul Sito, in particolare, \u00e8 possibile prendere contatto con il Titolare tramire i seguenti indirizzi di posta elettronica:\u00a0<a href=\"mailto:info@debesidigiacomo.it\">info@debesidigiacomo.it<\/a>.<\/p>\n<p>Tale trattamento sar\u00e0 lecito in forza dell\u2019art. 6, comma 1, lettera b) del Regolamento (esecuzione di un contratto o di misure precontrattuali adottate su richiesta dell\u2019interessato) nonch\u00e9 per l\u2019adempimento di eventuali obblighi di legge.<\/p>\n<p>Per consentire al Titolare di effettuare le attivit\u00e0 di trattamento per tali finalit\u00e0, sar\u00e0 necessario il conferimento dei Dati Personali richiesti dall\u2019apposito\u00a0<em>form<\/em>. In caso di mancata compilazione di anche uno solo dei campi contrassegnati come obbligatori, potrebbe non essere possibile procedere al trattamento dei tuoi Dati Personali e, di conseguenza, fornirti le informazioni e i servizi richiesti.<\/p>\n<p>Oltre a quanto sopra, i Dati Personali in possesso del Titolare e ottenuti dal medesimo in virt\u00f9 di un precedente contratto ovvero forniti volontariamente dall\u2019utente attraverso gli appositi\u00a0<em>form<\/em>\u00a0potranno essere trattati dal Titolare per le seguenti e ulteriori finalit\u00e0.<\/p>\n<ol start=\"43\">\n<li><strong>Marketing\u00a0<\/strong>\u2013 Con tale termine s\u2019intendono le attivit\u00e0 di promozione commerciale svolte, con modalit\u00e0 sia di tipo automatizzato che tradizionale, dei prodotti e\/o servizi venduti e\/o erogati dal Titolare. Il trattamento dei tuoi dati personali per tale finalit\u00e0 \u00e8 legittimo in ragione del manifesto consenso che potrai esprimere nei modi e nelle forme prescritte dall\u2019art. 6 lettera a) del Regolamento, oltre che nei considerando 42 e 43.<\/li>\n<\/ol>\n<p>Hai il diritto di revocare in ogni momento il consenso. La revoca del consenso non pregiudica la liceit\u00e0 del trattamento realizzato prima dell\u2019intervenuta revoca.<\/p>\n<ol>\n<li><strong>Marketing diretto<\/strong>\u00a0\u2013Relativamente a tale finalit\u00e0 di marketing diretto, e\u0300 opportuno precisare che, in virt\u00f9 dell\u2019art. 6 comma 1 lett. f) del Regolamento e dell\u2019art. 130 comma 4 del Codice Privacy (c.d.\u00a0<em>soft spam exception<\/em>), il Titolare potr\u00e0 svolgere tale attivit\u00e0 basandosi sul suo interesse legittimo, a prescindere da un tuo consenso esplicito, come meglio esplicitato nel Considerando 47 del Regolamento nel quale viene \u201c<em>considerato legittimo interesse del titolare trattare dati personali per finalit\u00e0 di marketing diretto<\/em>\u201d. Ci\u00f2 sar\u00e0 possibile a seguito delle valutazioni effettuate dal Titolare in merito all\u2019eventuale e possibile prevalenza dei tuoi interessi per i prodotti e\/o i servizi venduti e\/o erogati dal Titolare, dei tuoi diritti e delle libert\u00e0 fondamentali che richiedono la protezione dei Dati Personali sul proprio interesse legittimo ad inviare comunicazioni di marketing diretto. Peraltro, potrai opporti lecitamente ed in ogni momento (anche in modo parziale) alla ricezione di comunicazioni promozionali, senza che ci\u00f2 pregiudichi in alcun modo il trattamento per le altre finalit\u00e0.<\/li>\n<\/ol>\n<h4><a name=\"_Toc518300716\"><\/a>SOGGETTI A CUI POTRANNO ESSERE COMUNICATI I TUOI DATI PERSONALI<\/h4>\n<p><a name=\"_Toc518300717\"><\/a>I tuoi Dati Personali potranno essere gestiti, per conto del Titolare, esclusivamente da personale espressamente autorizzato al trattamento (ai sensi dell\u2019art. 29 GDPR) e da soggetti terzi espressamente nominati quali responsabili del trattamento (ai sensi dell\u2019art. 28 GDPR), al fine di svolgere correttamente tutte le attivita\u0300 di trattamento necessarie a perseguire le finalita\u0300 di cui alla presente Informativa.<\/p>\n<p>A fine meramente esplicativo, si riportano alcune categorie di soggetti a cui i tuoi Dati Personali potranno essere comunicati:<\/p>\n<ol>\n<li>partner commerciali del Titolare che forniscono servizi, in qualit\u00e0 di responsabili del trattamento o di titolari autonomi, per le finalit\u00e0 di cui all\u2019art. 6 paragrafo 1 lett. b) del GDPR;<\/li>\n<li>terzi fornitori di servizi di assistenza e consulenza in qualit\u00e0 di responsabili del trattamento o di titolari autonomi, per le finalit\u00e0 di cui all\u2019art. 6 paragrafo 1 lett. b) del GDPR;<\/li>\n<li>soggetti e autorit\u00e0 il cui diritto di accesso ai Dati \u00e8 espressamente riconosciuto dalla legge, da regolamenti o provvedimenti di autorit\u00e0 competenti.<\/li>\n<\/ol>\n<p>Qualora volessi venire a conoscenza di quali soggetti sono entrati in possesso dei tuoi Dati Personali, a seguito dei tuoi rapporti con De Besi \u2013 Di Giacomo S.p.A., potrai rivolgerti al Titolare tramite i seguenti indirizzi di posta elettronica presenti sul Sito: <a href=\"mailto:info@debesidigiacomo.it\">info@debesidigiacomo.it<\/a>.<\/p>\n<h4>TEMPI DI CONSERVAZIONE DEI DATI PERSONALI<\/h4>\n<p>In ossequio al principio di limitazione del periodo di conservazione (art. 5.1 lettera e) del Regolamento), i tuoi Dati Personali saranno trattati dal Titolare limitatamente a quanto necessario per il perseguimento delle finalit\u00e0 di cui alla presente Informativa.<\/p>\n<p>In particolare, i tuoi Dati Personali saranno trattati per un periodo di tempo pari al minimo necessario, come indicato dal Considerando 39 del Regolamento, ossia fino alla cessazione dei rapporti in essere tra te ed il Titolare, nonch\u00e9 per un ulteriore periodo di conservazione che potr\u00e0 essere imposto da norme di legge; sul punto, il Considerando 65 del Regolamento prevede che \u201c<em>dovrebbe essere lecita l\u2019ulteriore conservazione dei dati personali qualora sia necessaria per esercitare il diritto alla liberta\u0300 di espressione e di informazione, per adempiere un obbligo legale, per eseguire un compito di interesse pubblico o nell\u2019esercizio di pubblici poteri di cui e\u0300 investito il titolare del trattamento, per motivi di interesse pubblico nel settore della sanita\u0300 pubblica, a fini di archiviazione nel pubblico interesse, di ricerca scientifica o storica o a fini statistici, ovvero per accertare, esercitare o difendere un diritto in sede giudiziaria<\/em>\u201d.<\/p>\n<p>I Dati Personali saranno trattati e conservati per i seguenti periodi:<\/p>\n<ol>\n<li>per le finalit\u00e0 di cui all\u2019art. 6 paragrafo 1 lett. b) del GDPR, per il tempo di durata del contratto;<\/li>\n<li>per le finalit\u00e0 di marketing in virt\u00f9 del consenso dell\u2019Interessato, ai sensi dell\u2019art.6 paragrafo 1 lett. a) del GDPR, fino a 24 mesi dalla raccolta del dato;<\/li>\n<li>per le finalit\u00e0 di marketing diretto in virt\u00f9 dell\u2019interesse legittimo del Titolare, ai sensi dell\u2019art. 6 paragrafo 1 lett. f) del GDPR, fino a 24 mesi dalla raccolta del dato;<\/li>\n<\/ol>\n<p>In ogni caso i tuoi Dati Personali saranno oggetto di un controllo periodico, non superiore a 12 mesi, volto a valutarne la pertinenza con le attivit\u00e0 del Titolare; qualora, i tuoi Dati Personali non siano pi\u00f9 pertinenti saranno immediatamente cancellati.<\/p>\n<h5>COLLEGAMENTO VERSO\/DA SITI TERZI<\/h5>\n<p>Dal Sito \u00e8 possibile collegarsi, mediante apposito <em>link<\/em>, ad un altro dominio web della De Besi \u2013 Di Giacomo S.p.A.: www.debesidigiacomo.it<\/p>\n<h4><a name=\"_Toc518300719\"><\/a>DIRITTI DEGLI INTERESSATI E MODALITA\u2019 DI ESERCIZIO<\/h4>\n<p>Potrai esercitare in qualsiasi momento i tuoi diritti previsti dagli artt. 15 e ss. del Regolamento nei confronti del Titolare. In particolare, hai il diritto di ottenere:<\/p>\n<ol>\n<li>la<strong>\u00a0conferma\u00a0<\/strong>che sia o meno in corso un trattamento dei tuoi Dati Personali e di ottenere l\u2019accesso ai dati e alle seguenti informazioni: finalita\u0300 del trattamento, categorie di dati personali, destinatari e\/o categorie di destinatari a cui i dati sono stati e\/o saranno comunicati nonch\u00e9 il relativo periodo di conservazione;<\/li>\n<li>la<strong>\u00a0rettifica\u00a0<\/strong>dei tuoi Dati Personali inesatti e\/o l\u2019integrazione dei Dati Personali incompleti, anche fornendo una dichiarazione integrativa;<\/li>\n<li>la<strong>\u00a0cancellazione\u00a0<\/strong>dei tuoi Dati Personali e la<strong>\u00a0limitazione\u00a0<\/strong>al trattamento nelle ipotesi previste dal GDPR e dalla normativa privacy vigente;<\/li>\n<li>ove applicabile, la<strong>\u00a0portabilita\u0300\u00a0<\/strong>dei tuoi Dati Personali e, in particolare, la possibilit\u00e0 di richiedere la trasmissione diretta dei tuoi Dati Personali ad un altro titolare del trattamento;<\/li>\n<li>l\u2019<strong>opposizione\u00a0<\/strong>al trattamento in qualsiasi momento, per motivi connessi alla tua situazione particolare, al trattamento dei tuoi Dati Personali nel pieno rispetto della normativa privacy vigente.<\/li>\n<\/ol>\n<p>Per esercitare i tuoi diritti, potrai rivolgendoti al Titolare alla seguente casella di posta elettronica, allegando copia del documento d\u2019identita\u0300:\u00a0<a href=\"mailto:info@debesidigiacomo.it\">info@debesidigiacomo.it<\/a>.<\/p>\n<p>In ogni caso, qualora tu ritenga che il trattamento dei Dati Personali sia contrario alla Normativa Privacy, avrai sempre diritto di proporre\u00a0<strong>reclamo\u00a0<\/strong>all\u2019autorit\u00e0 di controllo competente (Garante per la Protezione dei Dati personali) ai sensi dell\u2019art. 77 GDPR.<\/p>\n<h4>LUOGHI DEL TRATTAMENTO<\/h4>\n<p>I tuoi Dati Personali sono trattati all\u2019interno del territorio dell\u2019Unione Europea.<\/p>\n<p>Qualora i tuoi Dati Personali, per questioni di natura tecnica e\/o operativa, dovessero essere trasferiti e\/o ubicati in Paesi al di fuori del territorio dell\u2019Unione Europea, ti informiamo sin d\u2019ora che i soggetti ubicati al di fuori dell\u2019Unione Europea saranno nominati (qualora ne ricorrano i presupposti) Responsabili del Trattamento ai sensi dell\u2019art. 28 del GDPR. Inoltre, il trasferimento dei tuoi Dati Personali a tali soggetti, limitatamente allo svolgimento di specifiche attivit\u00e0 di trattamento, sar\u00e0 regolato in conformit\u00e0 a quanto previsto dal capo V del GDPR.<\/p>\n<p>Saranno quindi adottate tutte le cautele necessarie al fine di garantire la pi\u00f9 totale protezione dei tuoi Dati Personali basando tale trasferimento: a) su decisioni di adeguatezza dei paesi terzi destinatari espresse dalla Commissione Europea; b) su garanzie adeguate espresse dal soggetto terzo destinatario ai sensi dell\u2019articolo 46 del Regolamento; c) sull\u2019adozione di norme vincolanti d\u2019impresa, cd.\u00a0<em>binding corporate rules<\/em>; d) adottando clausole contrattuali standard approvate dalla Commissione Europea.<\/p>\n<p>In ogni caso potrai richiedere maggiori dettagli al Titolare qualora i tuoi Dati Personali siano stati trattati al di fuori dell\u2019Unione Europea richiedendo evidenza delle specifiche garanzie adottate, scrivendo alle seguenti caselle di posta elettronica:\u00a0<a href=\"mailto:info@debesidigiacomo.it\">info@debesidigiacomo.it<\/a>.<\/p>\n<p><em><strong>Ultimo aggiornamento: 24 aprile 2024<\/strong><\/em><\/p>\n","protected":false},"excerpt":{"rendered":"<p>Gentile Interessato, con il presente documento (l\u2019\u201cInformativa\u201d), intendiamo rinnovarti il nostro impegno per garantire che il trattamento dei dati personali raccolti attraverso il sito internet [https:\/\/professionemedico.debesidigiacomo.it\/] (il \u201cSito\u201d), effettuato con modalit\u00e0 sia automatizzate che manuali, avvenga nel pieno rispetto delle tutele e dei diritti riconosciuti dal Regolamento (UE) 2016\/679 (\u201cGDPR\u201d o il \u201cRegolamento\u201d) e dalle [&hellip;]<\/p>\n","protected":false},"author":1,"featured_media":0,"parent":0,"menu_order":0,"comment_status":"closed","ping_status":"open","template":"","meta":{"iawp_total_views":154,"footnotes":""},"class_list":["post-3","page","type-page","status-publish","hentry"],"yoast_head":"<!-- This site is optimized with the Yoast SEO plugin v27.6 - https:\/\/yoast.com\/product\/yoast-seo-wordpress\/ -->\n<title>Privacy Policy, informativa per il trattamento dei dati personali | De Besi - Di Giacomo<\/title>\n<meta name=\"description\" content=\"In questa sezione del sito \u00e8 possibile leggere la Privacy Policy, l&#039;informativa per il trattamento dei dati di De Besi - Di Giacomo.\" \/>\n<meta name=\"robots\" content=\"noindex, nofollow\" \/>\n<meta property=\"og:locale\" content=\"en_US\" \/>\n<meta property=\"og:type\" content=\"article\" \/>\n<meta property=\"og:title\" content=\"Privacy Policy, informativa per il trattamento dei dati personali | De Besi - Di Giacomo\" \/>\n<meta property=\"og:description\" content=\"In questa sezione del sito \u00e8 possibile leggere la Privacy Policy, l&#039;informativa per il trattamento dei dati di De Besi - Di Giacomo.\" \/>\n<meta property=\"og:url\" content=\"https:\/\/debesidigiacomo.it\/en\/privacy-policy\/\" \/>\n<meta property=\"og:site_name\" content=\"De Besi - Di Giacomo\" \/>\n<meta property=\"article:modified_time\" content=\"2024-04-24T13:55:55+00:00\" \/>\n<meta name=\"twitter:card\" content=\"summary_large_image\" \/>\n<meta name=\"twitter:label1\" content=\"Est. reading time\" \/>\n\t<meta name=\"twitter:data1\" content=\"11 minutes\" \/>\n<script type=\"application\/ld+json\" class=\"yoast-schema-graph\">{\"@context\":\"https:\\\/\\\/schema.org\",\"@graph\":[{\"@type\":\"WebPage\",\"@id\":\"https:\\\/\\\/debesidigiacomo.it\\\/privacy-policy\\\/\",\"url\":\"https:\\\/\\\/debesidigiacomo.it\\\/privacy-policy\\\/\",\"name\":\"Privacy Policy, informativa per il trattamento dei dati personali | De Besi - Di Giacomo\",\"isPartOf\":{\"@id\":\"https:\\\/\\\/debesidigiacomo.it\\\/#website\"},\"datePublished\":\"2024-02-06T10:14:08+00:00\",\"dateModified\":\"2024-04-24T13:55:55+00:00\",\"description\":\"In questa sezione del sito \u00e8 possibile leggere la Privacy Policy, l'informativa per il trattamento dei dati di De Besi - Di Giacomo.\",\"breadcrumb\":{\"@id\":\"https:\\\/\\\/debesidigiacomo.it\\\/privacy-policy\\\/#breadcrumb\"},\"inLanguage\":\"en-US\",\"potentialAction\":[{\"@type\":\"ReadAction\",\"target\":[\"https:\\\/\\\/debesidigiacomo.it\\\/privacy-policy\\\/\"]}]},{\"@type\":\"BreadcrumbList\",\"@id\":\"https:\\\/\\\/debesidigiacomo.it\\\/privacy-policy\\\/#breadcrumb\",\"itemListElement\":[{\"@type\":\"ListItem\",\"position\":1,\"name\":\"Home\",\"item\":\"https:\\\/\\\/debesidigiacomo.it\\\/\"},{\"@type\":\"ListItem\",\"position\":2,\"name\":\"Privacy Policy\"}]},{\"@type\":\"WebSite\",\"@id\":\"https:\\\/\\\/debesidigiacomo.it\\\/#website\",\"url\":\"https:\\\/\\\/debesidigiacomo.it\\\/\",\"name\":\"De Besi - Di Giacomo\",\"description\":\"Insurance Broker\",\"potentialAction\":[{\"@type\":\"SearchAction\",\"target\":{\"@type\":\"EntryPoint\",\"urlTemplate\":\"https:\\\/\\\/debesidigiacomo.it\\\/?s={search_term_string}\"},\"query-input\":{\"@type\":\"PropertyValueSpecification\",\"valueRequired\":true,\"valueName\":\"search_term_string\"}}],\"inLanguage\":\"en-US\"}]}<\/script>\n<!-- \/ Yoast SEO plugin. -->","yoast_head_json":{"title":"Privacy Policy, informativa per il trattamento dei dati personali | De Besi - Di Giacomo","description":"In questa sezione del sito \u00e8 possibile leggere la Privacy Policy, l'informativa per il trattamento dei dati di De Besi - Di Giacomo.","robots":{"index":"noindex","follow":"nofollow"},"og_locale":"en_US","og_type":"article","og_title":"Privacy Policy, informativa per il trattamento dei dati personali | De Besi - Di Giacomo","og_description":"In questa sezione del sito \u00e8 possibile leggere la Privacy Policy, l'informativa per il trattamento dei dati di De Besi - Di Giacomo.","og_url":"https:\/\/debesidigiacomo.it\/en\/privacy-policy\/","og_site_name":"De Besi - Di Giacomo","article_modified_time":"2024-04-24T13:55:55+00:00","twitter_card":"summary_large_image","twitter_misc":{"Est. reading time":"11 minutes"},"schema":{"@context":"https:\/\/schema.org","@graph":[{"@type":"WebPage","@id":"https:\/\/debesidigiacomo.it\/privacy-policy\/","url":"https:\/\/debesidigiacomo.it\/privacy-policy\/","name":"Privacy Policy, informativa per il trattamento dei dati personali | De Besi - Di Giacomo","isPartOf":{"@id":"https:\/\/debesidigiacomo.it\/#website"},"datePublished":"2024-02-06T10:14:08+00:00","dateModified":"2024-04-24T13:55:55+00:00","description":"In questa sezione del sito \u00e8 possibile leggere la Privacy Policy, l'informativa per il trattamento dei dati di De Besi - Di Giacomo.","breadcrumb":{"@id":"https:\/\/debesidigiacomo.it\/privacy-policy\/#breadcrumb"},"inLanguage":"en-US","potentialAction":[{"@type":"ReadAction","target":["https:\/\/debesidigiacomo.it\/privacy-policy\/"]}]},{"@type":"BreadcrumbList","@id":"https:\/\/debesidigiacomo.it\/privacy-policy\/#breadcrumb","itemListElement":[{"@type":"ListItem","position":1,"name":"Home","item":"https:\/\/debesidigiacomo.it\/"},{"@type":"ListItem","position":2,"name":"Privacy Policy"}]},{"@type":"WebSite","@id":"https:\/\/debesidigiacomo.it\/#website","url":"https:\/\/debesidigiacomo.it\/","name":"De Besi - Di Giacomo","description":"Insurance Broker","potentialAction":[{"@type":"SearchAction","target":{"@type":"EntryPoint","urlTemplate":"https:\/\/debesidigiacomo.it\/?s={search_term_string}"},"query-input":{"@type":"PropertyValueSpecification","valueRequired":true,"valueName":"search_term_string"}}],"inLanguage":"en-US"}]}},"_links":{"self":[{"href":"https:\/\/debesidigiacomo.it\/en\/wp-json\/wp\/v2\/pages\/3","targetHints":{"allow":["GET"]}}],"collection":[{"href":"https:\/\/debesidigiacomo.it\/en\/wp-json\/wp\/v2\/pages"}],"about":[{"href":"https:\/\/debesidigiacomo.it\/en\/wp-json\/wp\/v2\/types\/page"}],"author":[{"embeddable":true,"href":"https:\/\/debesidigiacomo.it\/en\/wp-json\/wp\/v2\/users\/1"}],"replies":[{"embeddable":true,"href":"https:\/\/debesidigiacomo.it\/en\/wp-json\/wp\/v2\/comments?post=3"}],"version-history":[{"count":5,"href":"https:\/\/debesidigiacomo.it\/en\/wp-json\/wp\/v2\/pages\/3\/revisions"}],"predecessor-version":[{"id":4042,"href":"https:\/\/debesidigiacomo.it\/en\/wp-json\/wp\/v2\/pages\/3\/revisions\/4042"}],"wp:attachment":[{"href":"https:\/\/debesidigiacomo.it\/en\/wp-json\/wp\/v2\/media?parent=3"}],"curies":[{"name":"wp","href":"https:\/\/api.w.org\/{rel}","templated":true}]}}